{"id":11195,"date":"2021-01-01T05:06:51","date_gmt":"2021-01-01T05:06:51","guid":{"rendered":"https:\/\/maggie.eloqui.ca\/a-propos\/"},"modified":"2025-02-11T09:16:11","modified_gmt":"2025-02-11T14:16:11","slug":"about","status":"publish","type":"page","link":"https:\/\/psychoeducationmt.com\/en\/about\/","title":{"rendered":"About"},"content":{"rendered":"<div class=\"wpb-content-wrapper\"><p>[vc_row cspt-bg-color=&#8221;white&#8221; cspt-responsive-css=&#8221;98171438|colbreak_no|||||||||colbreak_yes|||||||||colbreak_no||||||||||colbreak_no|||||||||&#8221;][vc_column width=&#8221;1\/2&#8243; el_class=&#8221;cspt-promo-image-box-1&#8243;][vc_column_text]I have a Bachelor\u2019s degree in psychology from the Universit\u00e9 de Montr\u00e9al. Afterwards, I successfully completed a Master\u2019s degree in psychoeducation at the same university.<\/p>\n<p>Before offering my services in private practice, I had the opportunity to work in schools, preschools and in an Rehabilitation Center where I held the role of ABA supervisor. I have also led a pilot project for many years.<\/p>\n<p>My specialty is working with young children from 0 to 4 years old; elementary school children from 5 to 12 years old and also helping families, parents and other partners of these children.<\/p>\n<p>My expertise allows me to work with people with autism spectrum disorders, but also with people with intellectual disabilities.<\/p>\n<p>I am able to offer support in supervision, discipline and parenting skills, evaluate the development of young children and detect the presence of difficulties; intervene with children presenting behavioral problems and supervise the intensive behavioral intervention program for clients with an autism spectrum disorder or a developmental delay.<\/p>\n<p>I am fluent in English, French and Polish.<\/p>\n<p>I am also a member of the Ordre des Psycho\u00e9ducateurs et Psycho\u00e9ducatrices du Qu\u00e9bec since June 2010 (no. 19579-10).[\/vc_column_text][\/vc_column][vc_column width=&#8221;1\/2&#8243; css=&#8221;.vc_custom_1563786019479{margin-top: 50px !important;}&#8221;][vc_single_image image=&#8221;11240&#8243; img_size=&#8221;full&#8221; el_class=&#8221;cspt-effect-img&#8221;][\/vc_column][\/vc_row][vc_row][vc_column][vc_column_text css=&#8221;&#8221;]<\/p>\n<h2>Team members<\/h2>\n<p>[\/vc_column_text][\/vc_column][\/vc_row][vc_row][vc_column width=&#8221;1\/5&#8243;][vc_single_image image=&#8221;11323&#8243; img_size=&#8221;large&#8221; alignment=&#8221;center&#8221; css=&#8221;&#8221;][vc_column_text css=&#8221;&#8221;]<\/p>\n<p style=\"text-align: center;\"><strong>Jennifer Sikora<\/strong><br \/>\nSenior Intervention Aide<\/p>\n<p>[\/vc_column_text][\/vc_column][vc_column width=&#8221;1\/5&#8243;][vc_single_image image=&#8221;11325&#8243; img_size=&#8221;large&#8221; alignment=&#8221;center&#8221; css=&#8221;&#8221;][vc_column_text css=&#8221;&#8221;]<\/p>\n<p style=\"text-align: center;\"><strong>Jessica Fisher<\/strong><br \/>\nSenior Intervention Aide<\/p>\n<p>[\/vc_column_text][\/vc_column][vc_column width=&#8221;1\/5&#8243;][vc_single_image image=&#8221;11321&#8243; img_size=&#8221;large&#8221; alignment=&#8221;center&#8221; css=&#8221;&#8221;][vc_column_text css=&#8221;&#8221;]<\/p>\n<p style=\"text-align: center;\"><strong>Daniella Raymond<\/strong><br \/>\nJunior Intervention Aide<\/p>\n<p>[\/vc_column_text][\/vc_column][vc_column width=&#8221;1\/5&#8243;][vc_single_image image=&#8221;11327&#8243; img_size=&#8221;large&#8221; alignment=&#8221;center&#8221; css=&#8221;&#8221;][vc_column_text css=&#8221;&#8221;]<\/p>\n<p style=\"text-align: center;\"><strong>Marina Moraes E Silva<\/strong><br \/>\nJunior Intervention Aide<\/p>\n<p>[\/vc_column_text][\/vc_column][vc_column width=&#8221;1\/5&#8243;][vc_single_image image=&#8221;11329&#8243; img_size=&#8221;large&#8221; alignment=&#8221;center&#8221; css=&#8221;&#8221;][vc_column_text css=&#8221;&#8221;]<\/p>\n<p style=\"text-align: center;\"><strong>Samantha Velenosi<\/strong><br \/>\nM.ADS., Behaviour Therapist<\/p>\n<p>[\/vc_column_text][\/vc_column][\/vc_row][vc_row][vc_column][vc_empty_space height=&#8221;50px&#8221;][\/vc_column][\/vc_row]<\/p>\n<\/div>","protected":false},"excerpt":{"rendered":"<p>[vc_row cspt-bg-color=&#8221;white&#8221; cspt-responsive-css=&#8221;98171438|colbreak_no|||||||||colbreak_yes|||||||||colbreak_no||||||||||colbreak_no|||||||||&#8221;][vc_column width=&#8221;1\/2&#8243; el_class=&#8221;cspt-promo-image-box-1&#8243;][vc_column_text]I have a Bachelor\u2019s degree in psychology from the Universit\u00e9 de Montr\u00e9al. Afterwards, I successfully completed a Master\u2019s degree in psychoeducation at the same university. Before offering my services in private practice, I had the opportunity to work in schools, preschools and in an Rehabilitation Center where I held the role [&hellip;]<\/p>\n","protected":false},"author":1,"featured_media":0,"parent":0,"menu_order":7,"comment_status":"closed","ping_status":"closed","template":"","meta":{"_acf_changed":false,"footnotes":""},"class_list":["post-11195","page","type-page","status-publish","hentry"],"acf":[],"_links":{"self":[{"href":"https:\/\/psychoeducationmt.com\/en\/wp-json\/wp\/v2\/pages\/11195"}],"collection":[{"href":"https:\/\/psychoeducationmt.com\/en\/wp-json\/wp\/v2\/pages"}],"about":[{"href":"https:\/\/psychoeducationmt.com\/en\/wp-json\/wp\/v2\/types\/page"}],"author":[{"embeddable":true,"href":"https:\/\/psychoeducationmt.com\/en\/wp-json\/wp\/v2\/users\/1"}],"replies":[{"embeddable":true,"href":"https:\/\/psychoeducationmt.com\/en\/wp-json\/wp\/v2\/comments?post=11195"}],"version-history":[{"count":6,"href":"https:\/\/psychoeducationmt.com\/en\/wp-json\/wp\/v2\/pages\/11195\/revisions"}],"predecessor-version":[{"id":11346,"href":"https:\/\/psychoeducationmt.com\/en\/wp-json\/wp\/v2\/pages\/11195\/revisions\/11346"}],"wp:attachment":[{"href":"https:\/\/psychoeducationmt.com\/en\/wp-json\/wp\/v2\/media?parent=11195"}],"curies":[{"name":"wp","href":"https:\/\/api.w.org\/{rel}","templated":true}]}}